{"id":6249,"date":"2024-02-14T13:41:38","date_gmt":"2024-02-14T13:41:38","guid":{"rendered":"https:\/\/enkulusafaris.com\/?page_id=6249"},"modified":"2024-02-14T13:54:10","modified_gmt":"2024-02-14T13:54:10","slug":"31-arter-6","status":"publish","type":"page","link":"https:\/\/enkulusafaris.com\/da\/31-arter-6\/","title":{"rendered":"31 Arter"},"content":{"rendered":"\t\t<div data-elementor-type=\"wp-page\" data-elementor-id=\"6249\" class=\"elementor elementor-6249 elementor-6248\">\n\t\t\t\t\t\t<section class=\"elementor-section elementor-top-section elementor-element elementor-element-2a9d854c elementor-section-height-min-height cs-section-content-fullwidth cs-parallax-on-scroll cs_scroll_y_80 elementor-section-boxed elementor-section-height-default elementor-section-items-middle\" data-id=\"2a9d854c\" data-element_type=\"section\" data-settings=\"{&quot;background_background&quot;:&quot;classic&quot;}\" data-cs-parallax-y=\"80\" style=\"background-image: none;\" data-cs-background-image=\"http:\/\/enkulusafaris.com\/wp-content\/uploads\/2024\/01\/sundown-1.png\">\n\t\t\t\t\t\t\t<div class=\"elementor-background-overlay\"><\/div>\n\t\t\t\t\t\t\t<div class=\"elementor-container elementor-column-gap-no\">\n\t\t\t\t\t<div class=\"elementor-column elementor-col-100 elementor-top-column elementor-element elementor-element-4b4e1896 dark-color\" data-id=\"4b4e1896\" data-element_type=\"column\">\n\t\t\t<div class=\"elementor-widget-wrap\">\n\t\t\t\t\t\t\t<\/div>\n\t\t<\/div>\n\t\t\t\t\t<\/div>\n\t\t<\/section>\n\t\t\t\t<section class=\"elementor-section elementor-top-section elementor-element elementor-element-39da2a1 elementor-section-boxed elementor-section-height-default elementor-section-height-default\" data-id=\"39da2a1\" data-element_type=\"section\">\n\t\t\t\t\t\t<div class=\"elementor-container elementor-column-gap-no\">\n\t\t\t\t\t<div class=\"elementor-column elementor-col-33 elementor-top-column elementor-element elementor-element-426efcf5\" data-id=\"426efcf5\" data-element_type=\"column\">\n\t\t\t<div class=\"elementor-widget-wrap elementor-element-populated\">\n\t\t\t\t\t\t<div class=\"elementor-element elementor-element-45220ef1 elementor-widget elementor-widget-cs_call_to_action\" data-id=\"45220ef1\" data-element_type=\"widget\" data-widget_type=\"cs_call_to_action.default\">\n\t\t\t\t<div class=\"elementor-widget-container\">\n\t\t\t\t\t\n\t\t<div class=\"cs-cta cta-layout-text-normal img-offset-border text-center cta-hover-img-zoom\">\n            <div class=\"cs-cta-wrap\">                <div class=\"cs-cta-overlay\"><\/div>\n                <div class=\"cs-cta-content\">\t\t\t<\/div>                <a class=\"cs-cta-link\" href=\"#\"><\/a>            <\/div>\n        <\/div>\t\t\t\t<\/div>\n\t\t\t\t<\/div>\n\t\t\t\t\t<\/div>\n\t\t<\/div>\n\t\t\t\t<div class=\"elementor-column elementor-col-33 elementor-top-column elementor-element elementor-element-68673068\" data-id=\"68673068\" data-element_type=\"column\">\n\t\t\t<div class=\"elementor-widget-wrap elementor-element-populated\">\n\t\t\t\t\t\t<div class=\"elementor-element elementor-element-0e9fd21 elementor-widget elementor-widget-cs_call_to_action\" data-id=\"0e9fd21\" data-element_type=\"widget\" data-widget_type=\"cs_call_to_action.default\">\n\t\t\t\t<div class=\"elementor-widget-container\">\n\t\t\t\t\t\n\t\t<div class=\"cs-cta cta-layout-text-normal img-offset-border text-center cta-hover-img-zoom\">\n            <div class=\"cs-cta-wrap\">                <div class=\"cs-cta-overlay\"><\/div>\n                <div class=\"cs-cta-content\">\t\t\t<\/div>                <a class=\"cs-cta-link\" href=\"#\"><\/a>            <\/div>\n        <\/div>\t\t\t\t<\/div>\n\t\t\t\t<\/div>\n\t\t\t\t\t<\/div>\n\t\t<\/div>\n\t\t\t\t<div class=\"elementor-column elementor-col-33 elementor-top-column elementor-element elementor-element-3de285cd\" data-id=\"3de285cd\" data-element_type=\"column\">\n\t\t\t<div class=\"elementor-widget-wrap elementor-element-populated\">\n\t\t\t\t\t\t<div class=\"elementor-element elementor-element-71bf0d8 elementor-widget elementor-widget-cs_call_to_action\" data-id=\"71bf0d8\" data-element_type=\"widget\" data-widget_type=\"cs_call_to_action.default\">\n\t\t\t\t<div class=\"elementor-widget-container\">\n\t\t\t\t\t\n\t\t<div class=\"cs-cta cta-layout-text-normal img-offset-border text-center cta-hover-img-zoom\">\n            <div class=\"cs-cta-wrap\">                <div class=\"cs-cta-overlay\"><\/div>\n                <div class=\"cs-cta-content\">\t\t\t<\/div>                <a class=\"cs-cta-link\" href=\"#\"><\/a>            <\/div>\n        <\/div>\t\t\t\t<\/div>\n\t\t\t\t<\/div>\n\t\t\t\t\t<\/div>\n\t\t<\/div>\n\t\t\t\t\t<\/div>\n\t\t<\/section>\n\t\t\t\t<\/div>\n\t\t","protected":false},"excerpt":{"rendered":"","protected":false},"author":1,"featured_media":0,"parent":0,"menu_order":0,"comment_status":"closed","ping_status":"closed","template":"template-wide-content.php","meta":{"cozystay_single_page_hide_site_header":"","cozystay_single_page_site_header_source":"","cozystay_single_page_custom_site_header":"0","cozystay_single_page_custom_sticky_site_header":"0","cozystay_single_page_hide_page_title":"","cozystay_single_page_header_section_size":"","cozystay_single_page_header_background_color":"","cozystay_single_page_header_background_position_x":"center","cozystay_single_page_header_background_position_y":"center","cozystay_single_page_header_background_size":"cover","cozystay_single_page_header_background_repeat":"off","cozystay_single_page_header_background_scroll":"on","cozystay_single_page_header_text_color":"","cozystay_single_page_header_show_breadcrumb":"","cozystay_single_page_site_footer_hide_main":"","cozystay_single_custom_site_footer_main_source":"","cozystay_single_custom_site_footer_main":"0","cozystay_single_page_site_footer_hide_above":"","cozystay_single_custom_site_footer_above_source":"","cozystay_single_custom_site_footer_above":"0","cozystay_single_page_site_footer_hide_instagram":"","cozystay_single_page_site_footer_hide_bottom":"","cozystay_single_custom_mobile_menu_source":"","cozystay_single_custom_mobile_menu":"0","cozystay_single_custom_mobile_menu_animation":"","cozystay_single_custom_mobile_menu_width":"","cozystay_single_custom_mobile_menu_custom_width":375,"footnotes":""},"class_list":["post-6249","page","type-page","status-publish","hentry"],"yoast_head":"<!-- This site is optimized with the Yoast SEO plugin v26.5 - https:\/\/yoast.com\/wordpress\/plugins\/seo\/ -->\n<title>31 Arter | Enkulu African Safaris<\/title>\n<meta name=\"description\" content=\"Tag p\u00e5 et sp\u00e6ndende eventyr med Enkulu Safaris, og m\u00f8d et utroligt udvalg af vilde dyr, der t\u00e6ller imponerende 31 arter.\" \/>\n<meta name=\"robots\" content=\"index, follow, max-snippet:-1, max-image-preview:large, max-video-preview:-1\" \/>\n<link rel=\"canonical\" href=\"https:\/\/enkulusafaris.com\/da\/31-arter-6\/\" \/>\n<meta property=\"og:locale\" content=\"da_DK\" \/>\n<meta property=\"og:type\" content=\"article\" \/>\n<meta property=\"og:title\" content=\"31 Arter | Enkulu African Safaris\" \/>\n<meta property=\"og:description\" content=\"Tag p\u00e5 et sp\u00e6ndende eventyr med Enkulu Safaris, og m\u00f8d et utroligt udvalg af vilde dyr, der t\u00e6ller imponerende 31 arter.\" \/>\n<meta property=\"og:url\" content=\"https:\/\/enkulusafaris.com\/da\/31-arter-6\/\" \/>\n<meta property=\"og:site_name\" content=\"Enkulu African Safaris\" \/>\n<meta property=\"article:modified_time\" content=\"2024-02-14T13:54:10+00:00\" \/>\n<meta property=\"og:image\" content=\"https:\/\/enkulusafaris.com\/wp-content\/uploads\/2024\/01\/enkulu-african-safaris-south-african-hunting-4.webp\" \/>\n\t<meta property=\"og:image:width\" content=\"1920\" \/>\n\t<meta property=\"og:image:height\" content=\"960\" \/>\n\t<meta property=\"og:image:type\" content=\"image\/webp\" \/>\n<meta name=\"twitter:card\" content=\"summary_large_image\" \/>\n<script type=\"application\/ld+json\" class=\"yoast-schema-graph\">{\"@context\":\"https:\/\/schema.org\",\"@graph\":[{\"@type\":\"WebPage\",\"@id\":\"https:\/\/enkulusafaris.com\/da\/31-arter-6\/\",\"url\":\"https:\/\/enkulusafaris.com\/da\/31-arter-6\/\",\"name\":\"31 Arter | Enkulu African Safaris\",\"isPartOf\":{\"@id\":\"https:\/\/enkulusafaris.com\/da\/#website\"},\"datePublished\":\"2024-02-14T13:41:38+00:00\",\"dateModified\":\"2024-02-14T13:54:10+00:00\",\"description\":\"Tag p\u00e5 et sp\u00e6ndende eventyr med Enkulu Safaris, og m\u00f8d et utroligt udvalg af vilde dyr, der t\u00e6ller imponerende 31 arter.\",\"breadcrumb\":{\"@id\":\"https:\/\/enkulusafaris.com\/da\/31-arter-6\/#breadcrumb\"},\"inLanguage\":\"da-DK\",\"potentialAction\":[{\"@type\":\"ReadAction\",\"target\":[\"https:\/\/enkulusafaris.com\/da\/31-arter-6\/\"]}]},{\"@type\":\"BreadcrumbList\",\"@id\":\"https:\/\/enkulusafaris.com\/da\/31-arter-6\/#breadcrumb\",\"itemListElement\":[{\"@type\":\"ListItem\",\"position\":1,\"name\":\"Home\",\"item\":\"https:\/\/enkulusafaris.com\/da\/hjem\/\"},{\"@type\":\"ListItem\",\"position\":2,\"name\":\"31 Arter\"}]},{\"@type\":\"WebSite\",\"@id\":\"https:\/\/enkulusafaris.com\/da\/#website\",\"url\":\"https:\/\/enkulusafaris.com\/da\/\",\"name\":\"Enkulu African Safaris\",\"description\":\"A Lifetime Experience\",\"publisher\":{\"@id\":\"https:\/\/enkulusafaris.com\/da\/#organization\"},\"alternateName\":\"Enkulu Safaris\",\"potentialAction\":[{\"@type\":\"SearchAction\",\"target\":{\"@type\":\"EntryPoint\",\"urlTemplate\":\"https:\/\/enkulusafaris.com\/da\/?s={search_term_string}\"},\"query-input\":{\"@type\":\"PropertyValueSpecification\",\"valueRequired\":true,\"valueName\":\"search_term_string\"}}],\"inLanguage\":\"da-DK\"},{\"@type\":\"Organization\",\"@id\":\"https:\/\/enkulusafaris.com\/da\/#organization\",\"name\":\"Enkulu African Safaris\",\"alternateName\":\"Enkulu Safaris\",\"url\":\"https:\/\/enkulusafaris.com\/da\/\",\"logo\":{\"@type\":\"ImageObject\",\"inLanguage\":\"da-DK\",\"@id\":\"https:\/\/enkulusafaris.com\/da\/#\/schema\/logo\/image\/\",\"url\":\"https:\/\/enkulusafaris.com\/wp-content\/uploads\/2024\/01\/enkulu-african-safaris.svg\",\"contentUrl\":\"https:\/\/enkulusafaris.com\/wp-content\/uploads\/2024\/01\/enkulu-african-safaris.svg\",\"width\":1000,\"height\":1000,\"caption\":\"Enkulu African Safaris\"},\"image\":{\"@id\":\"https:\/\/enkulusafaris.com\/da\/#\/schema\/logo\/image\/\"}}]}<\/script>\n<!-- \/ Yoast SEO plugin. -->","yoast_head_json":{"title":"31 Arter | Enkulu African Safaris","description":"Tag p\u00e5 et sp\u00e6ndende eventyr med Enkulu Safaris, og m\u00f8d et utroligt udvalg af vilde dyr, der t\u00e6ller imponerende 31 arter.","robots":{"index":"index","follow":"follow","max-snippet":"max-snippet:-1","max-image-preview":"max-image-preview:large","max-video-preview":"max-video-preview:-1"},"canonical":"https:\/\/enkulusafaris.com\/da\/31-arter-6\/","og_locale":"da_DK","og_type":"article","og_title":"31 Arter | Enkulu African Safaris","og_description":"Tag p\u00e5 et sp\u00e6ndende eventyr med Enkulu Safaris, og m\u00f8d et utroligt udvalg af vilde dyr, der t\u00e6ller imponerende 31 arter.","og_url":"https:\/\/enkulusafaris.com\/da\/31-arter-6\/","og_site_name":"Enkulu African Safaris","article_modified_time":"2024-02-14T13:54:10+00:00","og_image":[{"width":1920,"height":960,"url":"https:\/\/enkulusafaris.com\/wp-content\/uploads\/2024\/01\/enkulu-african-safaris-south-african-hunting-4.webp","type":"image\/webp"}],"twitter_card":"summary_large_image","schema":{"@context":"https:\/\/schema.org","@graph":[{"@type":"WebPage","@id":"https:\/\/enkulusafaris.com\/da\/31-arter-6\/","url":"https:\/\/enkulusafaris.com\/da\/31-arter-6\/","name":"31 Arter | Enkulu African Safaris","isPartOf":{"@id":"https:\/\/enkulusafaris.com\/da\/#website"},"datePublished":"2024-02-14T13:41:38+00:00","dateModified":"2024-02-14T13:54:10+00:00","description":"Tag p\u00e5 et sp\u00e6ndende eventyr med Enkulu Safaris, og m\u00f8d et utroligt udvalg af vilde dyr, der t\u00e6ller imponerende 31 arter.","breadcrumb":{"@id":"https:\/\/enkulusafaris.com\/da\/31-arter-6\/#breadcrumb"},"inLanguage":"da-DK","potentialAction":[{"@type":"ReadAction","target":["https:\/\/enkulusafaris.com\/da\/31-arter-6\/"]}]},{"@type":"BreadcrumbList","@id":"https:\/\/enkulusafaris.com\/da\/31-arter-6\/#breadcrumb","itemListElement":[{"@type":"ListItem","position":1,"name":"Home","item":"https:\/\/enkulusafaris.com\/da\/hjem\/"},{"@type":"ListItem","position":2,"name":"31 Arter"}]},{"@type":"WebSite","@id":"https:\/\/enkulusafaris.com\/da\/#website","url":"https:\/\/enkulusafaris.com\/da\/","name":"Enkulu African Safaris","description":"A Lifetime Experience","publisher":{"@id":"https:\/\/enkulusafaris.com\/da\/#organization"},"alternateName":"Enkulu Safaris","potentialAction":[{"@type":"SearchAction","target":{"@type":"EntryPoint","urlTemplate":"https:\/\/enkulusafaris.com\/da\/?s={search_term_string}"},"query-input":{"@type":"PropertyValueSpecification","valueRequired":true,"valueName":"search_term_string"}}],"inLanguage":"da-DK"},{"@type":"Organization","@id":"https:\/\/enkulusafaris.com\/da\/#organization","name":"Enkulu African Safaris","alternateName":"Enkulu Safaris","url":"https:\/\/enkulusafaris.com\/da\/","logo":{"@type":"ImageObject","inLanguage":"da-DK","@id":"https:\/\/enkulusafaris.com\/da\/#\/schema\/logo\/image\/","url":"https:\/\/enkulusafaris.com\/wp-content\/uploads\/2024\/01\/enkulu-african-safaris.svg","contentUrl":"https:\/\/enkulusafaris.com\/wp-content\/uploads\/2024\/01\/enkulu-african-safaris.svg","width":1000,"height":1000,"caption":"Enkulu African Safaris"},"image":{"@id":"https:\/\/enkulusafaris.com\/da\/#\/schema\/logo\/image\/"}}]}},"_links":{"self":[{"href":"https:\/\/enkulusafaris.com\/da\/wp-json\/wp\/v2\/pages\/6249","targetHints":{"allow":["GET"]}}],"collection":[{"href":"https:\/\/enkulusafaris.com\/da\/wp-json\/wp\/v2\/pages"}],"about":[{"href":"https:\/\/enkulusafaris.com\/da\/wp-json\/wp\/v2\/types\/page"}],"author":[{"embeddable":true,"href":"https:\/\/enkulusafaris.com\/da\/wp-json\/wp\/v2\/users\/1"}],"replies":[{"embeddable":true,"href":"https:\/\/enkulusafaris.com\/da\/wp-json\/wp\/v2\/comments?post=6249"}],"version-history":[{"count":1,"href":"https:\/\/enkulusafaris.com\/da\/wp-json\/wp\/v2\/pages\/6249\/revisions"}],"predecessor-version":[{"id":6269,"href":"https:\/\/enkulusafaris.com\/da\/wp-json\/wp\/v2\/pages\/6249\/revisions\/6269"}],"wp:attachment":[{"href":"https:\/\/enkulusafaris.com\/da\/wp-json\/wp\/v2\/media?parent=6249"}],"curies":[{"name":"wp","href":"https:\/\/api.w.org\/{rel}","templated":true}]}}