{"id":6428,"date":"2024-03-26T05:00:45","date_gmt":"2024-03-26T05:00:45","guid":{"rendered":"https:\/\/enkulusafaris.com\/?page_id=6428"},"modified":"2024-03-26T05:04:51","modified_gmt":"2024-03-26T05:04:51","slug":"kontakt-os-2","status":"publish","type":"page","link":"https:\/\/enkulusafaris.com\/da\/kontakt-os-2\/","title":{"rendered":"Kontakt os"},"content":{"rendered":"\t\t<div data-elementor-type=\"wp-page\" data-elementor-id=\"6428\" class=\"elementor elementor-6428 elementor-6427\">\n\t\t\t\t\t\t<section class=\"elementor-section elementor-top-section elementor-element elementor-element-3721c029 elementor-section-height-min-height cs-section-content-fullwidth cs-parallax-on-scroll cs_scroll_y_80 elementor-section-boxed elementor-section-height-default elementor-section-items-middle\" data-id=\"3721c029\" data-element_type=\"section\" data-settings=\"{&quot;background_background&quot;:&quot;classic&quot;}\" data-cs-parallax-y=\"80\" style=\"background-image: none;\" data-cs-background-image=\"http:\/\/enkulusafaris.com\/wp-content\/uploads\/2024\/01\/enkulu-contact-banner.webp\">\n\t\t\t\t\t\t\t<div class=\"elementor-background-overlay\"><\/div>\n\t\t\t\t\t\t\t<div class=\"elementor-container elementor-column-gap-no\">\n\t\t\t\t\t<div class=\"elementor-column elementor-col-100 elementor-top-column elementor-element elementor-element-1dd27aea dark-color\" data-id=\"1dd27aea\" data-element_type=\"column\">\n\t\t\t<div class=\"elementor-widget-wrap elementor-element-populated\">\n\t\t\t\t\t\t<div class=\"elementor-element elementor-element-510107fc elementor-widget elementor-widget-cs_title\" data-id=\"510107fc\" data-element_type=\"widget\" data-widget_type=\"cs_title.default\">\n\t\t\t\t<div class=\"elementor-widget-container\">\n\t\t\t\t\t\n        <div class=\"cs-title-wrap text-center\">\t            <h1 class=\"cs-title\">\n\t                Kontakt os\t            <\/h1>\t            <div class=\"cs-title-text\">\n\t                <p>For bookinger og foresp\u00f8rgsler, ring til os eller skriv til os.<\/p>\n\t            <\/div>        <\/div>\t\t\t\t<\/div>\n\t\t\t\t<\/div>\n\t\t\t\t\t<\/div>\n\t\t<\/div>\n\t\t\t\t\t<\/div>\n\t\t<\/section>\n\t\t\t\t<section class=\"elementor-section elementor-top-section elementor-element elementor-element-075d68b elementor-section-boxed elementor-section-height-default elementor-section-height-default elementor-invisible\" data-id=\"075d68b\" data-element_type=\"section\" data-settings=\"{&quot;background_background&quot;:&quot;classic&quot;,&quot;animation&quot;:&quot;fadeIn&quot;,&quot;animation_delay&quot;:150}\">\n\t\t\t\t\t\t<div class=\"elementor-container elementor-column-gap-no\">\n\t\t\t\t\t<div class=\"elementor-column elementor-col-50 elementor-top-column elementor-element elementor-element-1a4680f\" data-id=\"1a4680f\" data-element_type=\"column\" data-settings=\"{&quot;background_background&quot;:&quot;classic&quot;}\">\n\t\t\t<div class=\"elementor-widget-wrap elementor-element-populated\">\n\t\t\t\t\t\t<div class=\"elementor-element elementor-element-446df4b elementor-widget elementor-widget-spacer\" data-id=\"446df4b\" data-element_type=\"widget\" data-widget_type=\"spacer.default\">\n\t\t\t\t<div class=\"elementor-widget-container\">\n\t\t\t\t\t\t\t<div class=\"elementor-spacer\">\n\t\t\t<div class=\"elementor-spacer-inner\"><\/div>\n\t\t<\/div>\n\t\t\t\t\t\t<\/div>\n\t\t\t\t<\/div>\n\t\t\t\t\t<\/div>\n\t\t<\/div>\n\t\t\t\t<div class=\"elementor-column elementor-col-50 elementor-top-column elementor-element elementor-element-4e0a982\" data-id=\"4e0a982\" data-element_type=\"column\" data-settings=\"{&quot;background_background&quot;:&quot;classic&quot;}\">\n\t\t\t<div class=\"elementor-widget-wrap elementor-element-populated\">\n\t\t\t\t\t\t<div class=\"elementor-element elementor-element-8ff0c70 elementor-widget elementor-widget-cs_title\" data-id=\"8ff0c70\" data-element_type=\"widget\" data-widget_type=\"cs_title.default\">\n\t\t\t\t<div class=\"elementor-widget-container\">\n\t\t\t\t\t\n        <div class=\"cs-title-wrap text-center\">\t            <div class=\"cs-subtitle-wrap\"><span class=\"cs-subtitle\">Kontakt os for at f\u00e5 flere detaljer<\/span><\/div>\t            <h4 class=\"cs-title\">\n\t                Lad os starte en samtale\t            <\/h4>\t            <div class=\"cs-title-text\">\n\t                <p>Kontakt os for at f\u00e5 personlig hj\u00e6lp og support.<\/p>\n\t            <\/div>        <\/div>\t\t\t\t<\/div>\n\t\t\t\t<\/div>\n\t\t\t\t<div class=\"elementor-element elementor-element-119c77a elementor-widget elementor-widget-cs_form_cf7\" data-id=\"119c77a\" data-element_type=\"widget\" data-widget_type=\"cs_form_cf7.default\">\n\t\t\t\t<div class=\"elementor-widget-container\">\n\t\t\t\t\t            <div class=\"cs-form-cf7 placeholder-normal\">\n                <div class=\"cs-form-cf7-wrap\">\n<div class=\"wpcf7 no-js\" id=\"wpcf7-f5743-o1\" lang=\"da-DK\" dir=\"ltr\" data-wpcf7-id=\"5743\">\n<div class=\"screen-reader-response\"><p role=\"status\" aria-live=\"polite\" aria-atomic=\"true\"><\/p> <ul><\/ul><\/div>\n<form action=\"\/da\/wp-json\/wp\/v2\/pages\/6428#wpcf7-f5743-o1\" method=\"post\" class=\"wpcf7-form init\" aria-label=\"Kontaktformular\" novalidate=\"novalidate\" data-status=\"init\">\n<fieldset class=\"hidden-fields-container\"><input type=\"hidden\" name=\"_wpcf7\" value=\"5743\" \/><input type=\"hidden\" name=\"_wpcf7_version\" value=\"6.1.4\" \/><input type=\"hidden\" name=\"_wpcf7_locale\" value=\"da_DK\" \/><input type=\"hidden\" name=\"_wpcf7_unit_tag\" value=\"wpcf7-f5743-o1\" \/><input type=\"hidden\" name=\"_wpcf7_container_post\" value=\"0\" \/><input type=\"hidden\" name=\"_wpcf7_posted_data_hash\" value=\"\" \/><input type=\"hidden\" name=\"_wpcf7_recaptcha_response\" value=\"\" \/>\n<\/fieldset>\n<p><label> Dit navn<br \/>\n<span class=\"wpcf7-form-control-wrap\" data-name=\"your-name\"><input size=\"40\" maxlength=\"400\" class=\"wpcf7-form-control wpcf7-text wpcf7-validates-as-required\" autocomplete=\"name\" aria-required=\"true\" aria-invalid=\"false\" value=\"\" type=\"text\" name=\"your-name\" \/><\/span> <\/label>\n<\/p>\n<p><label> Din e-mail<br \/>\n<span class=\"wpcf7-form-control-wrap\" data-name=\"your-email\"><input size=\"40\" maxlength=\"400\" class=\"wpcf7-form-control wpcf7-email wpcf7-validates-as-required wpcf7-text wpcf7-validates-as-email\" autocomplete=\"email\" aria-required=\"true\" aria-invalid=\"false\" value=\"\" type=\"email\" name=\"your-email\" \/><\/span> <\/label>\n<\/p>\n<p><label> Emne<br \/>\n<span class=\"wpcf7-form-control-wrap\" data-name=\"your-subject\"><input size=\"40\" maxlength=\"400\" class=\"wpcf7-form-control wpcf7-text wpcf7-validates-as-required\" aria-required=\"true\" aria-invalid=\"false\" value=\"\" type=\"text\" name=\"your-subject\" \/><\/span> <\/label>\n<\/p>\n<p><label> Din besked (valgfri)<br \/>\n<span class=\"wpcf7-form-control-wrap\" data-name=\"your-message\"><textarea cols=\"40\" rows=\"10\" maxlength=\"2000\" class=\"wpcf7-form-control wpcf7-textarea\" aria-invalid=\"false\" name=\"your-message\"><\/textarea><\/span> <\/label>\n<\/p>\n<p><input class=\"wpcf7-form-control wpcf7-submit has-spinner\" type=\"submit\" value=\"Submit\" \/>\n<\/p><div class=\"wpcf7-response-output\" aria-hidden=\"true\"><\/div>\n<\/form>\n<\/div>\n<\/div>\n            <\/div>\t\t\t\t<\/div>\n\t\t\t\t<\/div>\n\t\t\t\t\t<\/div>\n\t\t<\/div>\n\t\t\t\t\t<\/div>\n\t\t<\/section>\n\t\t\t\t<section class=\"elementor-section elementor-top-section elementor-element elementor-element-480a665 elementor-section-boxed elementor-section-height-default elementor-section-height-default\" data-id=\"480a665\" data-element_type=\"section\">\n\t\t\t\t\t\t<div class=\"elementor-container elementor-column-gap-no\">\n\t\t\t\t\t<div class=\"elementor-column elementor-col-100 elementor-top-column elementor-element elementor-element-f5bed81\" data-id=\"f5bed81\" data-element_type=\"column\">\n\t\t\t<div class=\"elementor-widget-wrap elementor-element-populated\">\n\t\t\t\t\t\t<div class=\"elementor-element elementor-element-8ea8cc6 cs-animation-small-offset elementor-invisible elementor-widget elementor-widget-cs_title\" data-id=\"8ea8cc6\" data-element_type=\"widget\" data-settings=\"{&quot;_animation&quot;:&quot;fadeInUp&quot;}\" data-widget_type=\"cs_title.default\">\n\t\t\t\t<div class=\"elementor-widget-container\">\n\t\t\t\t\t\n        <div class=\"cs-title-wrap text-center\">\t            <h4 class=\"cs-title\">\n\t                Planl\u00e6g dit ophold hos Enkulu Safaris\t            <\/h4>\t            <div class=\"cs-title-text\">\n\t                <p>Hvis du gerne vil vide mere om vores jagtpriser, pakker, overnatningsmuligheder eller har brug for yderligere oplysninger om vores skr\u00e6ddersyede jagtpakker, er du velkommen til at kontakte os.<\/p>\n\t            <\/div>        <\/div>\t\t\t\t<\/div>\n\t\t\t\t<\/div>\n\t\t\t\t\t<\/div>\n\t\t<\/div>\n\t\t\t\t\t<\/div>\n\t\t<\/section>\n\t\t\t\t<section class=\"elementor-section elementor-top-section elementor-element elementor-element-0990b6c cs-animation-small-offset elementor-section-boxed elementor-section-height-default elementor-section-height-default elementor-invisible\" data-id=\"0990b6c\" data-element_type=\"section\" data-settings=\"{&quot;animation&quot;:&quot;fadeInUp&quot;,&quot;animation_delay&quot;:300}\">\n\t\t\t\t\t\t<div class=\"elementor-container elementor-column-gap-default\">\n\t\t\t\t\t<div class=\"elementor-column elementor-col-33 elementor-top-column elementor-element elementor-element-8488acd\" data-id=\"8488acd\" data-element_type=\"column\">\n\t\t\t<div class=\"elementor-widget-wrap elementor-element-populated\">\n\t\t\t\t\t\t<div class=\"elementor-element elementor-element-b93ec46 elementor-view-default elementor-widget elementor-widget-icon\" data-id=\"b93ec46\" data-element_type=\"widget\" data-widget_type=\"icon.default\">\n\t\t\t\t<div class=\"elementor-widget-container\">\n\t\t\t\t\t\t\t<div class=\"elementor-icon-wrapper\">\n\t\t\t<div class=\"elementor-icon\">\n\t\t\t<svg aria-hidden=\"true\" class=\"e-font-icon-svg e-fas-phone\" viewBox=\"0 0 512 512\" xmlns=\"http:\/\/www.w3.org\/2000\/svg\"><path d=\"M493.4 24.6l-104-24c-11.3-2.6-22.9 3.3-27.5 13.9l-48 112c-4.2 9.8-1.4 21.3 6.9 28l60.6 49.6c-36 76.7-98.9 140.5-177.2 177.2l-49.6-60.6c-6.8-8.3-18.2-11.1-28-6.9l-112 48C3.9 366.5-2 378.1.6 389.4l24 104C27.1 504.2 36.7 512 48 512c256.1 0 464-207.5 464-464 0-11.2-7.7-20.9-18.6-23.4z\"><\/path><\/svg>\t\t\t<\/div>\n\t\t<\/div>\n\t\t\t\t\t\t<\/div>\n\t\t\t\t<\/div>\n\t\t\t\t<div class=\"elementor-element elementor-element-252dea3 elementor-widget elementor-widget-cs_title\" data-id=\"252dea3\" data-element_type=\"widget\" data-widget_type=\"cs_title.default\">\n\t\t\t\t<div class=\"elementor-widget-container\">\n\t\t\t\t\t\n        <div class=\"cs-title-wrap text-center\">\t            <h6 class=\"cs-title\">\n\t                Ring til os\t            <\/h6>\t            <div class=\"cs-title-text\">\n\t                <p><a href=\"tel:+27827882401\">+27 82 788 2401<\/a><\/p>\n\t            <\/div>        <\/div>\t\t\t\t<\/div>\n\t\t\t\t<\/div>\n\t\t\t\t\t<\/div>\n\t\t<\/div>\n\t\t\t\t<div class=\"elementor-column elementor-col-33 elementor-top-column elementor-element elementor-element-71e94fd\" data-id=\"71e94fd\" data-element_type=\"column\">\n\t\t\t<div class=\"elementor-widget-wrap elementor-element-populated\">\n\t\t\t\t\t\t<div class=\"elementor-element elementor-element-076370a elementor-view-default elementor-widget elementor-widget-icon\" data-id=\"076370a\" data-element_type=\"widget\" data-widget_type=\"icon.default\">\n\t\t\t\t<div class=\"elementor-widget-container\">\n\t\t\t\t\t\t\t<div class=\"elementor-icon-wrapper\">\n\t\t\t<div class=\"elementor-icon\">\n\t\t\t<svg aria-hidden=\"true\" class=\"e-font-icon-svg e-fas-map-marker-alt\" viewBox=\"0 0 384 512\" xmlns=\"http:\/\/www.w3.org\/2000\/svg\"><path d=\"M172.268 501.67C26.97 291.031 0 269.413 0 192 0 85.961 85.961 0 192 0s192 85.961 192 192c0 77.413-26.97 99.031-172.268 309.67-9.535 13.774-29.93 13.773-39.464 0zM192 272c44.183 0 80-35.817 80-80s-35.817-80-80-80-80 35.817-80 80 35.817 80 80 80z\"><\/path><\/svg>\t\t\t<\/div>\n\t\t<\/div>\n\t\t\t\t\t\t<\/div>\n\t\t\t\t<\/div>\n\t\t\t\t<div class=\"elementor-element elementor-element-3400748 elementor-widget elementor-widget-cs_title\" data-id=\"3400748\" data-element_type=\"widget\" data-widget_type=\"cs_title.default\">\n\t\t\t\t<div class=\"elementor-widget-container\">\n\t\t\t\t\t\n        <div class=\"cs-title-wrap text-center\">\t            <h6 class=\"cs-title\">\n\t                Adresse\t            <\/h6>\t            <div class=\"cs-title-text\">\n\t                <p>101 p\u00e5 Olympus<br \/>Helicon Heights<br \/>Sydafrika<\/p>\n\t            <\/div>                <div class=\"cs-title-btn\">\n                    <a class=\"button elementor-button-link cs-btn-underline\" role=\"button\" href=\"https:\/\/maps.app.goo.gl\/nHoBQFtdKFJetDSD9\" target=\"_blank\">\n                        <span class=\"cs-btn-text\">F\u00e5 rutevejledning<\/span>                    <\/a>\n                <\/div>\n                    <\/div>\t\t\t\t<\/div>\n\t\t\t\t<\/div>\n\t\t\t\t\t<\/div>\n\t\t<\/div>\n\t\t\t\t<div class=\"elementor-column elementor-col-33 elementor-top-column elementor-element elementor-element-a9837b3\" data-id=\"a9837b3\" data-element_type=\"column\">\n\t\t\t<div class=\"elementor-widget-wrap elementor-element-populated\">\n\t\t\t\t\t\t<div class=\"elementor-element elementor-element-eaeeeee elementor-view-default elementor-widget elementor-widget-icon\" data-id=\"eaeeeee\" data-element_type=\"widget\" data-widget_type=\"icon.default\">\n\t\t\t\t<div class=\"elementor-widget-container\">\n\t\t\t\t\t\t\t<div class=\"elementor-icon-wrapper\">\n\t\t\t<div class=\"elementor-icon\">\n\t\t\t<svg aria-hidden=\"true\" class=\"e-font-icon-svg e-fas-envelope\" viewBox=\"0 0 512 512\" xmlns=\"http:\/\/www.w3.org\/2000\/svg\"><path d=\"M502.3 190.8c3.9-3.1 9.7-.2 9.7 4.7V400c0 26.5-21.5 48-48 48H48c-26.5 0-48-21.5-48-48V195.6c0-5 5.7-7.8 9.7-4.7 22.4 17.4 52.1 39.5 154.1 113.6 21.1 15.4 56.7 47.8 92.2 47.6 35.7.3 72-32.8 92.3-47.6 102-74.1 131.6-96.3 154-113.7zM256 320c23.2.4 56.6-29.2 73.4-41.4 132.7-96.3 142.8-104.7 173.4-128.7 5.8-4.5 9.2-11.5 9.2-18.9v-19c0-26.5-21.5-48-48-48H48C21.5 64 0 85.5 0 112v19c0 7.4 3.4 14.3 9.2 18.9 30.6 23.9 40.7 32.4 173.4 128.7 16.8 12.2 50.2 41.8 73.4 41.4z\"><\/path><\/svg>\t\t\t<\/div>\n\t\t<\/div>\n\t\t\t\t\t\t<\/div>\n\t\t\t\t<\/div>\n\t\t\t\t<div class=\"elementor-element elementor-element-e610754 elementor-widget elementor-widget-cs_title\" data-id=\"e610754\" data-element_type=\"widget\" data-widget_type=\"cs_title.default\">\n\t\t\t\t<div class=\"elementor-widget-container\">\n\t\t\t\t\t\n        <div class=\"cs-title-wrap text-center\">\t            <h6 class=\"cs-title\">\n\t                Send os en e-mail\t            <\/h6>\t            <div class=\"cs-title-text\">\n\t                <p><a href=\"mailto:info@enkulusafaris.com\">info@enkulusafaris.com<\/a><\/p>\n\t            <\/div>        <\/div>\t\t\t\t<\/div>\n\t\t\t\t<\/div>\n\t\t\t\t\t<\/div>\n\t\t<\/div>\n\t\t\t\t\t<\/div>\n\t\t<\/section>\n\t\t\t\t<\/div>\n\t\t","protected":false},"excerpt":{"rendered":"<p>Kontakt os For bookinger og foresp\u00f8rgsler, ring til os eller skriv til os. Kontakt os for at f\u00e5 flere detaljer Lad os starte en samtale Kontakt os for at f\u00e5 personlig hj\u00e6lp og support. Uw naam Uw e-mail Onderwerp Je bericht (optioneel) Planl\u00e6g dit ophold hos Enkulu Safaris Hvis du gerne vil vide mere om &#8230;<\/p>\n","protected":false},"author":1,"featured_media":0,"parent":0,"menu_order":0,"comment_status":"closed","ping_status":"closed","template":"template-wide-content.php","meta":{"cozystay_single_page_hide_site_header":"","cozystay_single_page_site_header_source":"","cozystay_single_page_custom_site_header":"0","cozystay_single_page_custom_sticky_site_header":"0","cozystay_single_page_hide_page_title":"","cozystay_single_page_header_section_size":"","cozystay_single_page_header_background_color":"","cozystay_single_page_header_background_position_x":"center","cozystay_single_page_header_background_position_y":"center","cozystay_single_page_header_background_size":"cover","cozystay_single_page_header_background_repeat":"off","cozystay_single_page_header_background_scroll":"on","cozystay_single_page_header_text_color":"","cozystay_single_page_header_show_breadcrumb":"","cozystay_single_page_site_footer_hide_main":"","cozystay_single_custom_site_footer_main_source":"","cozystay_single_custom_site_footer_main":"0","cozystay_single_page_site_footer_hide_above":"","cozystay_single_custom_site_footer_above_source":"","cozystay_single_custom_site_footer_above":"0","cozystay_single_page_site_footer_hide_instagram":"","cozystay_single_page_site_footer_hide_bottom":"","cozystay_single_custom_mobile_menu_source":"","cozystay_single_custom_mobile_menu":"0","cozystay_single_custom_mobile_menu_animation":"","cozystay_single_custom_mobile_menu_width":"","cozystay_single_custom_mobile_menu_custom_width":375,"footnotes":""},"class_list":["post-6428","page","type-page","status-publish","hentry"],"yoast_head":"<!-- This site is optimized with the Yoast SEO plugin v26.5 - https:\/\/yoast.com\/wordpress\/plugins\/seo\/ -->\n<title>Kontakt os | Enkulu African Safaris<\/title>\n<meta name=\"description\" content=\"Kontakt Enkulu Safaris i dag for at planl\u00e6gge dit uforglemmelige dyreeventyr. Vores team af eksperter er klar til at hj\u00e6lpe dig med at sammens\u00e6tte den perfekte safari.\" \/>\n<meta name=\"robots\" content=\"index, follow, max-snippet:-1, max-image-preview:large, max-video-preview:-1\" \/>\n<link rel=\"canonical\" href=\"https:\/\/enkulusafaris.com\/da\/kontakt-os-2\/\" \/>\n<meta property=\"og:locale\" content=\"da_DK\" \/>\n<meta property=\"og:type\" content=\"article\" \/>\n<meta property=\"og:title\" content=\"Kontakt os | Enkulu African Safaris\" \/>\n<meta property=\"og:description\" content=\"Kontakt Enkulu Safaris i dag for at planl\u00e6gge dit uforglemmelige dyreeventyr. Vores team af eksperter er klar til at hj\u00e6lpe dig med at sammens\u00e6tte den perfekte safari.\" \/>\n<meta property=\"og:url\" content=\"https:\/\/enkulusafaris.com\/da\/kontakt-os-2\/\" \/>\n<meta property=\"og:site_name\" content=\"Enkulu African Safaris\" \/>\n<meta property=\"article:modified_time\" content=\"2024-03-26T05:04:51+00:00\" \/>\n<meta property=\"og:image\" content=\"https:\/\/enkulusafaris.com\/wp-content\/uploads\/2024\/01\/enkulu-african-safaris-south-african-hunting-4.webp\" \/>\n\t<meta property=\"og:image:width\" content=\"1920\" \/>\n\t<meta property=\"og:image:height\" content=\"960\" \/>\n\t<meta property=\"og:image:type\" content=\"image\/webp\" \/>\n<meta name=\"twitter:card\" content=\"summary_large_image\" \/>\n<script type=\"application\/ld+json\" class=\"yoast-schema-graph\">{\"@context\":\"https:\/\/schema.org\",\"@graph\":[{\"@type\":\"WebPage\",\"@id\":\"https:\/\/enkulusafaris.com\/da\/kontakt-os-2\/\",\"url\":\"https:\/\/enkulusafaris.com\/da\/kontakt-os-2\/\",\"name\":\"Kontakt os | Enkulu African Safaris\",\"isPartOf\":{\"@id\":\"https:\/\/enkulusafaris.com\/da\/#website\"},\"datePublished\":\"2024-03-26T05:00:45+00:00\",\"dateModified\":\"2024-03-26T05:04:51+00:00\",\"description\":\"Kontakt Enkulu Safaris i dag for at planl\u00e6gge dit uforglemmelige dyreeventyr. Vores team af eksperter er klar til at hj\u00e6lpe dig med at sammens\u00e6tte den perfekte safari.\",\"breadcrumb\":{\"@id\":\"https:\/\/enkulusafaris.com\/da\/kontakt-os-2\/#breadcrumb\"},\"inLanguage\":\"da-DK\",\"potentialAction\":[{\"@type\":\"ReadAction\",\"target\":[\"https:\/\/enkulusafaris.com\/da\/kontakt-os-2\/\"]}]},{\"@type\":\"BreadcrumbList\",\"@id\":\"https:\/\/enkulusafaris.com\/da\/kontakt-os-2\/#breadcrumb\",\"itemListElement\":[{\"@type\":\"ListItem\",\"position\":1,\"name\":\"Home\",\"item\":\"https:\/\/enkulusafaris.com\/da\/hjem\/\"},{\"@type\":\"ListItem\",\"position\":2,\"name\":\"Kontakt os\"}]},{\"@type\":\"WebSite\",\"@id\":\"https:\/\/enkulusafaris.com\/da\/#website\",\"url\":\"https:\/\/enkulusafaris.com\/da\/\",\"name\":\"Enkulu African Safaris\",\"description\":\"A Lifetime Experience\",\"publisher\":{\"@id\":\"https:\/\/enkulusafaris.com\/da\/#organization\"},\"alternateName\":\"Enkulu Safaris\",\"potentialAction\":[{\"@type\":\"SearchAction\",\"target\":{\"@type\":\"EntryPoint\",\"urlTemplate\":\"https:\/\/enkulusafaris.com\/da\/?s={search_term_string}\"},\"query-input\":{\"@type\":\"PropertyValueSpecification\",\"valueRequired\":true,\"valueName\":\"search_term_string\"}}],\"inLanguage\":\"da-DK\"},{\"@type\":\"Organization\",\"@id\":\"https:\/\/enkulusafaris.com\/da\/#organization\",\"name\":\"Enkulu African Safaris\",\"alternateName\":\"Enkulu Safaris\",\"url\":\"https:\/\/enkulusafaris.com\/da\/\",\"logo\":{\"@type\":\"ImageObject\",\"inLanguage\":\"da-DK\",\"@id\":\"https:\/\/enkulusafaris.com\/da\/#\/schema\/logo\/image\/\",\"url\":\"https:\/\/enkulusafaris.com\/wp-content\/uploads\/2024\/01\/enkulu-african-safaris.svg\",\"contentUrl\":\"https:\/\/enkulusafaris.com\/wp-content\/uploads\/2024\/01\/enkulu-african-safaris.svg\",\"width\":1000,\"height\":1000,\"caption\":\"Enkulu African Safaris\"},\"image\":{\"@id\":\"https:\/\/enkulusafaris.com\/da\/#\/schema\/logo\/image\/\"}}]}<\/script>\n<!-- \/ Yoast SEO plugin. -->","yoast_head_json":{"title":"Kontakt os | Enkulu African Safaris","description":"Kontakt Enkulu Safaris i dag for at planl\u00e6gge dit uforglemmelige dyreeventyr. Vores team af eksperter er klar til at hj\u00e6lpe dig med at sammens\u00e6tte den perfekte safari.","robots":{"index":"index","follow":"follow","max-snippet":"max-snippet:-1","max-image-preview":"max-image-preview:large","max-video-preview":"max-video-preview:-1"},"canonical":"https:\/\/enkulusafaris.com\/da\/kontakt-os-2\/","og_locale":"da_DK","og_type":"article","og_title":"Kontakt os | Enkulu African Safaris","og_description":"Kontakt Enkulu Safaris i dag for at planl\u00e6gge dit uforglemmelige dyreeventyr. Vores team af eksperter er klar til at hj\u00e6lpe dig med at sammens\u00e6tte den perfekte safari.","og_url":"https:\/\/enkulusafaris.com\/da\/kontakt-os-2\/","og_site_name":"Enkulu African Safaris","article_modified_time":"2024-03-26T05:04:51+00:00","og_image":[{"width":1920,"height":960,"url":"https:\/\/enkulusafaris.com\/wp-content\/uploads\/2024\/01\/enkulu-african-safaris-south-african-hunting-4.webp","type":"image\/webp"}],"twitter_card":"summary_large_image","schema":{"@context":"https:\/\/schema.org","@graph":[{"@type":"WebPage","@id":"https:\/\/enkulusafaris.com\/da\/kontakt-os-2\/","url":"https:\/\/enkulusafaris.com\/da\/kontakt-os-2\/","name":"Kontakt os | Enkulu African Safaris","isPartOf":{"@id":"https:\/\/enkulusafaris.com\/da\/#website"},"datePublished":"2024-03-26T05:00:45+00:00","dateModified":"2024-03-26T05:04:51+00:00","description":"Kontakt Enkulu Safaris i dag for at planl\u00e6gge dit uforglemmelige dyreeventyr. Vores team af eksperter er klar til at hj\u00e6lpe dig med at sammens\u00e6tte den perfekte safari.","breadcrumb":{"@id":"https:\/\/enkulusafaris.com\/da\/kontakt-os-2\/#breadcrumb"},"inLanguage":"da-DK","potentialAction":[{"@type":"ReadAction","target":["https:\/\/enkulusafaris.com\/da\/kontakt-os-2\/"]}]},{"@type":"BreadcrumbList","@id":"https:\/\/enkulusafaris.com\/da\/kontakt-os-2\/#breadcrumb","itemListElement":[{"@type":"ListItem","position":1,"name":"Home","item":"https:\/\/enkulusafaris.com\/da\/hjem\/"},{"@type":"ListItem","position":2,"name":"Kontakt os"}]},{"@type":"WebSite","@id":"https:\/\/enkulusafaris.com\/da\/#website","url":"https:\/\/enkulusafaris.com\/da\/","name":"Enkulu African Safaris","description":"A Lifetime Experience","publisher":{"@id":"https:\/\/enkulusafaris.com\/da\/#organization"},"alternateName":"Enkulu Safaris","potentialAction":[{"@type":"SearchAction","target":{"@type":"EntryPoint","urlTemplate":"https:\/\/enkulusafaris.com\/da\/?s={search_term_string}"},"query-input":{"@type":"PropertyValueSpecification","valueRequired":true,"valueName":"search_term_string"}}],"inLanguage":"da-DK"},{"@type":"Organization","@id":"https:\/\/enkulusafaris.com\/da\/#organization","name":"Enkulu African Safaris","alternateName":"Enkulu Safaris","url":"https:\/\/enkulusafaris.com\/da\/","logo":{"@type":"ImageObject","inLanguage":"da-DK","@id":"https:\/\/enkulusafaris.com\/da\/#\/schema\/logo\/image\/","url":"https:\/\/enkulusafaris.com\/wp-content\/uploads\/2024\/01\/enkulu-african-safaris.svg","contentUrl":"https:\/\/enkulusafaris.com\/wp-content\/uploads\/2024\/01\/enkulu-african-safaris.svg","width":1000,"height":1000,"caption":"Enkulu African Safaris"},"image":{"@id":"https:\/\/enkulusafaris.com\/da\/#\/schema\/logo\/image\/"}}]}},"_links":{"self":[{"href":"https:\/\/enkulusafaris.com\/da\/wp-json\/wp\/v2\/pages\/6428","targetHints":{"allow":["GET"]}}],"collection":[{"href":"https:\/\/enkulusafaris.com\/da\/wp-json\/wp\/v2\/pages"}],"about":[{"href":"https:\/\/enkulusafaris.com\/da\/wp-json\/wp\/v2\/types\/page"}],"author":[{"embeddable":true,"href":"https:\/\/enkulusafaris.com\/da\/wp-json\/wp\/v2\/users\/1"}],"replies":[{"embeddable":true,"href":"https:\/\/enkulusafaris.com\/da\/wp-json\/wp\/v2\/comments?post=6428"}],"version-history":[{"count":1,"href":"https:\/\/enkulusafaris.com\/da\/wp-json\/wp\/v2\/pages\/6428\/revisions"}],"predecessor-version":[{"id":6431,"href":"https:\/\/enkulusafaris.com\/da\/wp-json\/wp\/v2\/pages\/6428\/revisions\/6431"}],"wp:attachment":[{"href":"https:\/\/enkulusafaris.com\/da\/wp-json\/wp\/v2\/media?parent=6428"}],"curies":[{"name":"wp","href":"https:\/\/api.w.org\/{rel}","templated":true}]}}